{"id":3837,"date":"2022-02-28T16:20:24","date_gmt":"2022-02-28T15:20:24","guid":{"rendered":"https:\/\/www.dyktige.no\/?page_id=3837"},"modified":"2023-01-19T11:47:42","modified_gmt":"2023-01-19T10:47:42","slug":"forsiden","status":"publish","type":"page","link":"https:\/\/www.dyktige.no\/","title":{"rendered":"Forsiden"},"content":{"rendered":"\n<p>Arne Viste har siden 2015 gjennom selskapene Plog AS og Plog2 AS kjempet for en juridisk avklaring av om n\u00e6ringsfriheten i Norge er beskyttet av grunnloven.<\/p>\n\n\n\n<p><strong>HISTORIKK N\u00c6RINGSFRIHETEN<\/strong><\/p>\n\n\n\n<p>N\u00e6ringsfriheten ble grunnlovsbeskyttet allerede i 1814. Paragraf 101 var grunnlaget for den p\u00e5f\u00f8lgende handelsloven og h\u00e5ndverksloven. Disse lovene utgj\u00f8r det viktigste grunnlaget for likestilling mellom kvinner og menn i Norge. N\u00e6ringsfriheten er fundamentet ikke bare for arbeidslinja men ogs\u00e5 for det liberale arbeidsmarkedet.<\/p>\n\n\n\n<p>Sommeren 1940 br\u00f8t likevel nazistene med bestemmelsen, da de nedla yrkesforbud for j\u00f8diske leger og advokater. Beslutningen er ikke sporbar, bare de alvorlige konsekvensene.<\/p>\n\n\n\n<p>Som motreaksjon fikk vi i 1954 inn \u00a7 110 i grunnloven som ikke bare styrket n\u00e6ringsfriheten og innf\u00f8rte et <a href=\"https:\/\/www.dyktige.no\/?page_id=3041\">direkte forbud til myndighetene mot \u00e5 hindre\/vanskeliggj\u00f8re<\/a>, men som i tillegg ogs\u00e5 inneholdt en programforpliktelse til aktiv handling for \u00e5 hjelpe folk i arbeid.<\/p>\n\n\n\n<p>N\u00e6ringsfriheten er definert som en klar menneskerettighet, og ikke en borgerrettighet. Den omfatter derfor alle mennesker med varig opphold i Norge. Ogs\u00e5 ureturnerbare asyls\u00f8kere som er under norsk jurisdiksjon og skal behandles etter norsk lov i likhet med deg og meg.<\/p>\n\n\n\n<p>19. februar 2003 fattet likevel UDI en beslutning om \u00e5 bryte med hovedregelen om n\u00e6ringsfrihet i Norge, og innf\u00f8rte sin egen hovedregel om at arbeidstillatelse ikke skal gis ureturnerbare asyls\u00f8kere.  I likhet med det som skjedde i 1940 er heller ikke denne beslutningen sporbar, bare de alvorlige konsekvensene. UDI synes \u00e5 ha <a href=\"https:\/\/1drv.ms\/u\/s!AqPme9Trub9nk5hJEU7NCPS5K_0QJQ?e=IvqDwG\">slettet de tilh\u00f8rende dokumenter<\/a>.<\/p>\n\n\n\n<p>Likevel fortsatte de ureturnerbare i perioden 2003-2010 \u00e5 arbeide uten dette beviset p\u00e5 lovlig arbeid. De hadde skattekort og betalte skatt og skatteetaten beregnet ogs\u00e5 trygdeavgift for dem i skatteoppgj\u00f8rene. Retten til arbeid var jo ogs\u00e5 en menneskerettighet og ikke bare en borgerrettighet. Det var derfor heller ikke vanlig praksis \u00e5 straffeforf\u00f8lge slike arbeidsforhold.<\/p>\n\n\n\n<p>I 2011 satt skatteetaten p\u00e5 minst 100 millioner <a href=\"https:\/\/www.stortinget.no\/no\/Saker-og-publikasjoner\/Sporsmal\/Skriftlige-sporsmal-og-svar\/Skriftlig-sporsmal\/?qid=80787\">feil innkrevd trygdeavgift <\/a>fra akkurat denne gruppen skattytere. Kanskje flere hundre millioner. Vi vet det omfattet 7,1 % av l\u00f8nnen til omkring 3.000 skattytere gjennom mer enn 10 \u00e5r. Plutselig besluttet skatteetaten \u00e5 ta skattekortene fra dem. I stedet for \u00e5 tilbakebetale den feil innkrevde trygdeavgift. <a href=\"https:\/\/www.dyktige.no\/?page_id=3554\">Hvorfor<\/a>?<\/p>\n\n\n\n<p>Manglende skattekort er selvsagt ikke noe hinder for lovlig arbeid, men det har en ulempe for skattyter som da blir trukket 50% og derfor blir mindre likvid fram til skatteoppgj\u00f8ret kommer. Skattekortnekten var derfor et tiltak som ikke p\u00e5virket muligheten til arbeid, men var nok mer egnet til \u00e5 skjule skattefeilen med trygdeavgiften. I stedet for \u00e5 rette den foreliggende feil, introduserte skatteetaten i stedet en ny feil. De sluttet \u00e5 foreta skatteoppgj\u00f8r for denne gruppen skattytere. Ja, helt sant. <strong><span style=\"text-decoration: underline;\">De sluttet \u00e5 foreta skatteoppgj\u00f8r for denne gruppen skattytere.<\/span><\/strong> Vi snakker l\u00f8nnstyveri p\u00e5 50% for et ukjent antall skattytere. Jeg kjenner flere av dem.<\/p>\n\n\n\n<p>Skatteetaten valgte i mars 2011 \u00e5 g\u00e5 til det overraskende skrittet \u00e5 anmelde arbeidsgiverne for slike arbeidsforhold. Praksisendringen fra ikke \u00e5 anmelde til plutselig \u00e5 anmelde var ikke forankret i noen lovendring eller politisk behandling. Praksisendringen var initiert internt i skatteetaten.<\/p>\n\n\n\n<p>P\u00e5talemyndigheten, den s\u00e5kalt uavhengige, endret av ukjente \u00e5rsaker straffepraksis noe senere i 2011. Helt uten foreg\u00e5ende lovendring eller politisk behandling. Og ikke basert p\u00e5 annet juridisk underlag enn beslutningen i det ikke-sporbare direkt\u00f8rm\u00f8tet i UDI den 19.02.2003. Statsadvokaten i Rogaland opplyser at han ikke klarer finne dokumenter som er egnet til \u00e5 avkrefte mistanken om at praksisendringen skyldtes skatteetatens \u00f8nske om \u00e5 skjule skattefeilene.<\/p>\n\n\n\n<p>P\u00e5talemyndigheten ledes i dag av riksadvokat J\u00f8rn Sigurd Maurud, som er samboer med Hanne Bjurstr\u00f8m. Hun er den arbeidsminister som tok skattekortene fra de ureturnerbare i 2011. Hva var hennes rolle? P\u00e5virket hun skatteetaten eller p\u00e5talemyndigheten i deres vurderinger? <a href=\"https:\/\/www.stortinget.no\/no\/Saker-og-publikasjoner\/Sporsmal\/Skriftlige-sporsmal-og-svar\/Skriftlig-sporsmal\/?qid=87633\">Var hun kjent med den feil innkrevde trygdeavgiften<\/a>?<\/p>\n\n\n\n<p><strong>HISTORIKK PLOG AS<\/strong><\/p>\n\n\n\n<p>I juni 2015 kom Plog AS p\u00e5 banen, og ansatte den f\u00f8rste uten annen hjemmel enn grunnlov og menneskerettigheter. Matchen var igang.<\/p>\n\n\n\n<p>Dommen fra Oslo Tingrett viser at dette arbeidsforholdet, i likhet med det store flertallet av slike ansettelser, ikke noen gang har blitt vurdert straffbart av verken p\u00e5talemyndighet eller tingrett. <\/p>\n\n\n\n<p><span style=\"text-decoration: underline;\">1 &#8211; 0 i matchen mellom Viste og staten<\/span><br>Etter grundig etterforskning i straffesak <a href=\"https:\/\/www.dyktige.no\/?page_id=2427\">13964266<\/a> henlegges saken p\u00e5 grunn av tvil om jussen. <\/p>\n\n\n\n<p><span style=\"text-decoration: underline;\">7 &#8211; 1 i matchen mellom Viste og staten<\/span><br>Etter ny grundig etterforskning i straffesak <a href=\"https:\/\/www.dyktige.no\/wp-content\/uploads\/2019\/10\/2019-10-15-Oslo-Tingrett-Dom-i-sak-19-059563MED-OTIR_08.pdf\">14256116<\/a>, ble det store flertallet av ansettelser unntatt fra siktelsen og tiltalen. Likevel p\u00e5st\u00e5r p\u00e5talemyndigheten at det m\u00e5 inndras midler fra flertallet av disse. Av en dokumentert omsetning p\u00e5 11,2 millioner fra ureturnerbare asyls\u00f8kere, p\u00e5stod politiet at 10 millioner m\u00e5tte inndras. Hvorp\u00e5 tingretten avgjorde at 8,6 millioner ikke kunne inndras, kun 1,4. Begrunnelsen var at et var et krav til \u00e5rsakssammenheng mellom inndragningen og den straffbare handlingen. Flertallet av de dokumenterte arbeidsforhold h\u00f8rte ikke til den straffbare handlingen. Forholdet 1,4 mill mot 11,2 mill tilsvarer matchresultatet 7 &#8211; 1 til meg.<\/p>\n\n\n\n<p>7 &#8211; 1 resultatet er det direkte grunnlaget for f\u00f8lgende:<\/p>\n\n\n\n<ul class=\"wp-block-list\">\n<li>At virksomheten i Plog AS kunne fortsette straffritt ogs\u00e5 etter at dommen ble rettskraftig<\/li>\n\n\n\n<li>At skatteetaten har lovet \u00e5 foreta skatteoppgj\u00f8ret for disse, mange har blitt trukket 50% skatt uten \u00e5 ha f\u00e5tt skatteoppgj\u00f8ret s\u00e5 langt<\/li>\n\n\n\n<li>At NAV utbetalte mer enn en halv million til disse skattyterne i l\u00f8nn og feriepenger etter at <a href=\"https:\/\/www.dyktige.no\/?page_id=2332\">Plog AS gikk konkurs<\/a><\/li>\n\n\n\n<li>At siktelsene mot Viste i de relaterte straffesakene er frafalt, og sakene deretter henlagt<\/li>\n\n\n\n<li>At Plog2 AS kan fortsette virksomheten ustraffet<\/li>\n\n\n\n<li>At Viste ikke ble ilagt konkurskarantene av Stavanger Tingrett selv om arbeidsforholdene fikk fortsette i full offentlighet<\/li>\n<\/ul>\n\n\n\n<p>Tross en overlegen ledelse bekymrer baklengsm\u00e5let meg fortsatt. Ikke bare fordi det var en konsekvens av en ufin straffesaksbehandling. Men mest fordi det fortsatt \u00e5pner for tvil om hvorvidt n\u00e6ringsfriheten er grunnlovsfestet i Norge. I stedet for \u00e5 avklare sp\u00f8rsm\u00e5let slik domstolene plikter, <a href=\"https:\/\/www.dyktige.no\/wp-content\/uploads\/2022\/11\/2022-08-15-Vart-Land-Pa-hoy-tid-med-en-avklaring.pdf\">t\u00e5kelegger<\/a> dommen de sentrale juridiske sp\u00f8rsm\u00e5lene.<\/p>\n\n\n\n<p>Matchen fortsetter. Det forel\u00f8pige resultatet og kamputviklingen tyder p\u00e5 at det ender med seier.<\/p>\n\n\n\n<p><strong>NOEN LENKER<\/strong><\/p>\n\n\n\n<p><a href=\"https:\/\/www.dyktige.no\/?page_id=2774\">Behovet for juridisk avklaring<\/a> &#8211; Inneholder GRL \u00a7 110 et forbud?<\/p>\n\n\n\n<p><a href=\"https:\/\/www.dyktige.no\/?page_id=3041\">Grunnlovens \u00a7 110 &#8211; hovedmomenter<\/a><\/p>\n\n\n\n<p><a href=\"https:\/\/www.dyktige.no\/?page_id=2265\">Forarbeidene og rettskildene<\/a><\/p>\n\n\n\n<p><a href=\"https:\/\/www.dyktige.no\/?page_id=2427\">P\u00e5talemyndighetens henleggelse i august 2017<\/a><\/p>\n\n\n\n<p><a href=\"https:\/\/www.dyktige.no\/?page_id=3554\">Uhederlige motiver bak kriminaliseringen?<\/a><\/p>\n\n\n\n<p><a href=\"https:\/\/www.dyktige.no\/?page_id=2985\">Lite tillitvekkende straffesaksbehandling fra p\u00e5talemyndigheten<\/a><\/p>\n\n\n\n<figure class=\"wp-block-embed is-type-rich is-provider-handterer-for-innbygging wp-block-embed-handterer-for-innbygging wp-embed-aspect-16-9 wp-has-aspect-ratio\"><div class=\"wp-block-embed__wrapper\">\n<div class=\"video-container\"><iframe loading=\"lazy\" title=\"Retten til arbeid small\" width=\"500\" height=\"281\" src=\"https:\/\/www.youtube.com\/embed\/0iiB6NvIgvU?feature=oembed&#038;wmode=opaque\" frameborder=\"0\" allow=\"accelerometer; autoplay; clipboard-write; encrypted-media; gyroscope; picture-in-picture; web-share\" referrerpolicy=\"strict-origin-when-cross-origin\" allowfullscreen><\/iframe><\/div>\n<\/div><figcaption class=\"wp-element-caption\">En presentasjon av grunnlovens \u00a7 110.<\/figcaption><\/figure>\n","protected":false},"excerpt":{"rendered":"<p>Arne Viste har siden 2015 gjennom selskapene Plog AS og Plog2 AS kjempet for en&#46;&#46;&#46;<\/p>\n","protected":false},"author":1,"featured_media":0,"parent":0,"menu_order":0,"comment_status":"closed","ping_status":"closed","template":"","meta":{"footnotes":""},"class_list":["post-3837","page","type-page","status-publish","hentry"],"_links":{"self":[{"href":"https:\/\/www.dyktige.no\/index.php?rest_route=\/wp\/v2\/pages\/3837","targetHints":{"allow":["GET"]}}],"collection":[{"href":"https:\/\/www.dyktige.no\/index.php?rest_route=\/wp\/v2\/pages"}],"about":[{"href":"https:\/\/www.dyktige.no\/index.php?rest_route=\/wp\/v2\/types\/page"}],"author":[{"embeddable":true,"href":"https:\/\/www.dyktige.no\/index.php?rest_route=\/wp\/v2\/users\/1"}],"replies":[{"embeddable":true,"href":"https:\/\/www.dyktige.no\/index.php?rest_route=%2Fwp%2Fv2%2Fcomments&post=3837"}],"version-history":[{"count":10,"href":"https:\/\/www.dyktige.no\/index.php?rest_route=\/wp\/v2\/pages\/3837\/revisions"}],"predecessor-version":[{"id":3909,"href":"https:\/\/www.dyktige.no\/index.php?rest_route=\/wp\/v2\/pages\/3837\/revisions\/3909"}],"wp:attachment":[{"href":"https:\/\/www.dyktige.no\/index.php?rest_route=%2Fwp%2Fv2%2Fmedia&parent=3837"}],"curies":[{"name":"wp","href":"https:\/\/api.w.org\/{rel}","templated":true}]}}