{"id":305,"date":"2015-10-30T11:52:22","date_gmt":"2015-10-30T11:52:22","guid":{"rendered":"https:\/\/www.dyktige.no\/?page_id=305"},"modified":"2023-05-08T12:36:05","modified_gmt":"2023-05-08T11:36:05","slug":"om-plog-as","status":"publish","type":"page","link":"https:\/\/www.dyktige.no\/?page_id=305","title":{"rendered":"Mediesaker om Plog AS"},"content":{"rendered":"<p>Her er en kronologisk liste over medieoppslag som ikke ligger bak betalingsmur:<\/p>\n<p><span style=\"color: #0000ff;\"><a style=\"color: #0000ff;\" href=\"https:\/\/www.vl.no\/meninger\/verdidebatt\/2022\/08\/15\/pa-hoy-tid-med-en-avklaring-i-viste-dommene\/\">2022-08-15 Verdidebatt \/ V\u00e5rt Land P\u00e5 h\u00f8y tid med en avklaring<\/a><\/span><\/p>\n<p><a href=\"https:\/\/www.dyktige.no\/wp-content\/uploads\/2021\/05\/2020-10-03-Stavanger-Aftenblad-Skatteetaten-ma-rette-feil.pdf\"><span style=\"text-decoration: underline; color: #0000ff;\">2020-10-03 Stavanger Aftenblad Leserinnlegg om skattefeil<\/span><\/a><\/p>\n<p><span style=\"text-decoration: underline; color: #0000ff;\"><a style=\"color: #0000ff; text-decoration: underline;\" href=\"https:\/\/idag.no\/nyheter\/samfunn\/tar-saken-til-internasjonale-domstoler\/19.33531\">2020-06-05 Norge IDAG Arne Viste er klar for \u00e5 kjempe videre<\/a><\/span><\/p>\n<p><span style=\"text-decoration: underline; color: #0000ff;\"><a style=\"color: #0000ff; text-decoration: underline;\" href=\"https:\/\/www.utrop.no\/nyheter\/verden\/218060\">2020-05-26 Utrop<\/a><\/span> Kan <span style=\"text-decoration: underline; color: #0000ff;\"><a style=\"color: #0000ff; text-decoration: underline;\" href=\"https:\/\/www.thetimes.co.uk\/article\/italy-to-give-600-000-migrants-the-right-to-stay-n3l8935bj\">Italiensk l\u00f8sning<\/a><\/span> fungere i Norge<\/p>\n<p><span style=\"text-decoration: underline; color: #0000ff;\"><a style=\"color: #0000ff; text-decoration: underline;\" href=\"https:\/\/tv.nrk.no\/serie\/distriktsnyheter-rogaland\/202005\/DKRO98051920\/avspiller#t=3m50s\">2020-05-19 NRK Rogaland TV &#8211; H\u00f8yesterett avviste Arne Vistes anke<\/a><\/span><\/p>\n<p><a href=\"https:\/\/radio.nrk.no\/serie\/distriktsprogram-rogaland\/DKRO02009520\/19-05-2020\"><span style=\"text-decoration: underline; color: #0000ff;\">2020-05-19 NRK Rogaland Radio &#8211; H\u00f8yesterett avviste Arne Vistes anke, start ved tid 2:12:15<\/span><\/a><\/p>\n<p><span style=\"text-decoration: underline; color: #0000ff;\"><a style=\"color: #0000ff; text-decoration: underline;\" href=\"https:\/\/frifagbevegelse.pageflow.io\/mennesker-i-limbo#235390\">2020-04 Fri Fagbevegelse &#8211; Amir er papirl\u00f8s<\/a><\/span><\/p>\n<p><span style=\"text-decoration: underline; color: #0000ff;\"><a style=\"color: #0000ff; text-decoration: underline;\" href=\"https:\/\/www.gd.no\/lo-stotter-kampen-for-de-ureturnerbare-flyktningene\/o\/5-18-1102766\">2020-04-15 Gudbrandsd\u00f8len &#8211; LO st\u00f8tter kampen<\/a><\/span><\/p>\n<p><a href=\"https:\/\/www.aftenposten.no\/meninger\/debatt\/i\/g7Apn0\/hvorfor-tillater-justisdepartementet-at-udi-og-une-fatter-saa-mange-ulovlige-asylvedtak-arne-viste\"><span style=\"color: #0000ff; text-decoration: underline;\">2020-03-11 Aftenposten &#8211; Hvorfor tillater justisdepartementet s\u00e5 mange ulovlige asylvedtak &#8211; Arne Viste<\/span><\/a><\/p>\n<p><a href=\"https:\/\/www.aftenposten.no\/norge\/i\/dO8R0X\/arne-viste-faar-ikke-ankesaken-behandlet-for-aa-ha-ansatt-asylsoekere\"><span style=\"color: #0000ff; text-decoration: underline;\">2020-02-13 Aftenposten &#8211; Lagmannsretten avviser anken<\/span><\/a><\/p>\n<p><span style=\"color: #0000ff; text-decoration: underline;\"><a style=\"color: #0000ff; text-decoration: underline;\" href=\"https:\/\/www.sb.no\/debatt\/meninger\/bugarden-kirke\/de-samme-politikerne-som-har-skapt-denne-situasjonen-ma-na-virkelig-begynne-a-tenke-nytt\/o\/5-73-1045005?fbclid=IwAR1_ZsxUxuP7_kWCfxZb9duHhgOEsr-z9Pn0Ng7-CfE1c2LUYCLUl5PT5Jo\">2020-01-03 Sandefjords Blad &#8211; Leserinnlegg Eddie Whyte<\/a><\/span><\/p>\n<p><span style=\"color: #0000ff; text-decoration: underline;\"><a style=\"color: #0000ff; text-decoration: underline;\" href=\"https:\/\/www.aftenbladet.no\/lokalt\/i\/mRnxQq\/kari-nessa-nordtun-i-nyttarstalen-kommune-betyr-felleskap-na-er-vi\">2020-01-01 Stavanger Nytt\u00e5rstale &#8211; Kari Nessa Nordtun<\/a><\/span><\/p>\n<p><span style=\"color: #0000ff; text-decoration: underline;\"><a style=\"color: #0000ff; text-decoration: underline;\" href=\"https:\/\/www.vl.no\/verdidebatt\/gunnar-stalsett-ma-2020-bli-et-nadens-ar-1.1639929\">2019-12-31 Verdidebatt.no M\u00e5 2020 bli et n\u00e5dens \u00e5r &#8211; Gunnar St\u00e5lsett<\/a><\/span><\/p>\n<p><span style=\"color: #0000ff; text-decoration: underline;\"><a style=\"color: #0000ff; text-decoration: underline;\" href=\"https:\/\/www.aftenbladet.no\/lokalt\/i\/e8wPqy\/Historien-om-David-og-Goliat-fikk-Arne-Viste-opp-pa-barrikadene\">2019-12-28 Stavanger Aftenblad Statuett &#8211; Historien om David og Goliat<\/a><\/span><\/p>\n<p><span style=\"text-decoration: underline;\"><span style=\"color: #0000ff; text-decoration: underline;\"><a style=\"color: #0000ff; text-decoration: underline;\" href=\"https:\/\/www.dagen.no\/tro\/Andakt\/2019-12-24\/Julens-sinnelag-834870.html\">2019-12-24 Dagen Andakt &#8211; Julens sinnelag<\/a><\/span><\/span><\/p>\n<p><span style=\"color: #0000ff; text-decoration: underline;\"><a style=\"color: #0000ff; text-decoration: underline;\" href=\"https:\/\/www.dyktige.no\/wp-content\/uploads\/2020\/01\/2019-12-24-V\u00e5rt-Land-andakt-Det-dere-gjorde-mot-mine-minste.pdf\">2019-12-24 V\u00e5rt Land Andakt &#8211; Det dere gjorde mot mine minste<\/a><\/span><\/p>\n<p><span style=\"text-decoration: underline;\"><span style=\"color: #0000ff; text-decoration: underline;\"><a style=\"color: #0000ff; text-decoration: underline;\" href=\"https:\/\/www.aftenbladet.no\/meninger\/leder\/i\/8m19lW\/julepreken-fra-virkeligheten\">2019-12-24 Stavanger Aftenblad Leder &#8211; Julepreken fra virkeligheten<\/a><\/span><\/span><\/p>\n<p><span style=\"color: #0000ff; text-decoration: underline;\"><a style=\"color: #0000ff; text-decoration: underline;\" href=\"https:\/\/www.dagbladet.no\/kultur\/norske-verdier\/71962034\">2019-12-22 Dagbladet Leder &#8211; Norske verdier<\/a><\/span><\/p>\n<p><span style=\"text-decoration: underline; color: #0000ff;\"><a style=\"color: #0000ff; text-decoration: underline;\" href=\"https:\/\/www.faktisk.no\/artikler\/Bee\/innsikt-har-det-blitt-vanskeligere-for-ureturnerbare-a-fa-jobbe-i-norge\">2019-12-19 Faktisk.no &#8211; N\u00e5r mistet de retten til arbeid?<\/a><\/span><\/p>\n<p><span style=\"text-decoration: underline; color: #0000ff;\"><a style=\"color: #0000ff; text-decoration: underline;\" href=\"https:\/\/www.nrk.no\/ytring\/sviket-mot-de-svakeste-1.14829149\">2019-12-19 NRK Ytring &#8211; Sviket mot de svakeste<\/a><\/span><\/p>\n<p><span style=\"color: #0000ff; text-decoration: underline;\"><a style=\"color: #0000ff; text-decoration: underline;\" href=\"https:\/\/forskersonen.no\/helse-innvandring-kriminalitet\/sivil-ulydighetma-noen-bli-straffet-for-at-umenneskelige-lover-blir-forandret\/1609611\">2019-12-18 Forskersonen.no M\u00e5 noen bli straffet?<\/a><\/span><\/p>\n<p><a href=\"https:\/\/rett24.no\/articles\/stalsett-grunnloven-og-retten-til-arbeid\"><span style=\"color: #0000ff;\"><span style=\"text-decoration: underline;\">2019-12-17 Rett24 St\u00e5lsett, Grunnloven og retten til arbeid<\/span><\/span><\/a><\/p>\n<p><span style=\"text-decoration: underline; color: #0000ff;\"><a style=\"color: #0000ff; text-decoration: underline;\" href=\"https:\/\/rett24.no\/articles\/stalsett-har-tilstatt--men-har-han-gjort-noe-straffbart\">2019-12-17 Rett24 St\u00e5lsett har tilst\u00e5tt men har han gjort noe straffbart?<\/a><\/span><\/p>\n<p><span style=\"color: #0000ff;\"><a style=\"color: #0000ff;\" href=\"https:\/\/radio.nrk.no\/serie\/desse-dagar\/KMTE86003619\/08-12-2019\"><span style=\"text-decoration: underline;\">2019-12-08 NRK P2 Desse dagar &#8211; Forbarmelse og straff (1 time radio)<\/span><\/a><\/span><\/p>\n<p><span style=\"color: #0000ff; text-decoration: underline;\"><a style=\"color: #0000ff; text-decoration: underline;\" href=\"https:\/\/www.unio.no\/2019\/12\/02\/unio-vil-gi-ureturnerbare-asylsokere-arbeidstillatelse\/\">2019-12-02 UNIO.no Unio vil gi ureturnerbare asyls\u00f8kere arbeidstillatelse<\/a><\/span><\/p>\n<p><span style=\"color: #0000ff; text-decoration: underline;\"><a style=\"color: #0000ff; text-decoration: underline;\" href=\"https:\/\/kirken.no\/nb-NO\/om-kirken\/aktuelt\/retten%20til%20arbeid%20for%20ureturnerbare%20og%20papirl\u00f8se\/\">2019-11-29 Kirken.no Retten til arbeid for ureturnerbare og papirl\u00f8se<\/a><\/span><\/p>\n<p><span style=\"text-decoration: underline;\"><span style=\"color: #0000ff; text-decoration: underline;\"><a style=\"color: #0000ff; text-decoration: underline;\" href=\"http:\/\/www.verdidebatt.no\/innlegg\/11753273-malbaerer-krf-det-kristne-eller-det-humanistiske-menneskesyn\">2019-11-19 Verdidebatt.no Det kristne menneskesynet &#8211; Arne Viste<\/a><\/span><\/span><\/p>\n<p><span style=\"text-decoration: underline; color: #0000ff;\"><a style=\"color: #0000ff; text-decoration: underline;\" href=\"https:\/\/radio.nrk.no\/serie\/tro-haap-og-lillesaeter\/DMTL01004319\/27-10-2019\">2019-10-27 NRK P1 Tro, h\u00e5p og Lilles\u00e6ter (1 time radio)<\/a><\/span><\/p>\n<p><a href=\"https:\/\/www.washingtonpost.com\/world\/europe\/a-norwegian-man-is-on-trial-for-employing-undocumented-migrants-hes-thrilled\/2019\/10\/16\/e52b76d0-ec61-11e9-9c6d-436a0df4f31d_story.html?fbclid=IwAR0vP207JdjF8VDDuSD-TNanaYmWB0qnnzRgyZSxZlPfKAdaVSdaS6Aprr8\"><span style=\"color: #0000ff; text-decoration: underline;\">2019-10-16 Washington Post<\/span><\/a><\/p>\n<p><span style=\"text-decoration: underline;\"><span style=\"color: #0000ff;\"><a style=\"color: #0000ff; text-decoration: underline;\" href=\"https:\/\/www.ba.no\/are-vare-rogalendingen-arne-viste\/o\/5-8-1145574\">2019-10-02 BA \u00c6re v\u00e6re rogalendingen Arne Viste av Oddny Miljeteig<\/a><\/span><\/span><\/p>\n<p><a href=\"http:\/\/www.verdidebatt.no\/innlegg\/11752656-politiet-og-stalsett\"><span style=\"text-decoration: underline; color: #0000ff;\"><b><\/b>2019-09-03 V\u00e5rt Land leder Politiet og St\u00e5lsett<\/span><\/a><\/p>\n<p><a href=\"https:\/\/www.aftenposten.no\/norge\/i\/g7BARa\/Tidligere-Oslo-biskop-hadde-ulovlig-asylsoker-ansatt-i-14-ar\"><span style=\"color: #0000ff; text-decoration: underline;\">2019-08-30 Aftenposten Gunnar St\u00e5lsett<\/span><\/a><\/p>\n<p><span style=\"color: #0000ff;\"><a style=\"color: #0000ff;\" href=\"https:\/\/tv.nrk.no\/serie\/dagsnytt-atten-tv\/201908\/NNFA56082719\/avspiller\"><span style=\"text-decoration: underline;\">2019-08-27 Dagsnytt 18<\/span><\/a><\/span><\/p>\n<p><span style=\"color: #0000ff;\"><span style=\"text-decoration: underline;\"><a style=\"color: #0000ff; text-decoration: underline;\" href=\"https:\/\/www.nrk.no\/ytring\/derfor-er-jeg-villig-til-a-ga-i-fengsel-1.14676279\">2019-08-27 NRK Ytring Derfor er jeg villig til \u00e5 g\u00e5 i fengsel<\/a><\/span> \u00a0<\/span> \u00a0 \u00a0 \u00a0 ANBEFALES &#8211; Informativ<\/p>\n<p><a href=\"https:\/\/www.aftenposten.no\/norge\/i\/50wMOe\/Mann-tiltalt-for-brudd-pa-utlendingsloven--ansatte-asylsokere\"><span style=\"text-decoration: underline;\"><span style=\"color: #0000ff; text-decoration: underline;\">2019-08-26 Aftenposten Mann tiltalt for brudd p\u00e5 utlendingsloven<\/span><\/span><\/a><\/p>\n<p><span style=\"text-decoration: underline;\"><span style=\"color: #0000ff; text-decoration: underline;\"><a style=\"color: #0000ff; text-decoration: underline;\" href=\"https:\/\/www.youtube.com\/watch?v=EHpNZF4RZrU&amp;fbclid=IwAR0L0nKl1PB5U0VFIsg-h2hHEqWa5-yFGAeP5mNUU3jVfQ776Q1w1YLmdE8\">2019-06-17 IMI-kirken<\/a><\/span><\/span><span style=\"color: #0000ff;\"><a style=\"color: #0000ff; text-decoration: underline;\" href=\"https:\/\/www.youtube.com\/watch?v=EHpNZF4RZrU&amp;fbclid=IwAR0L0nKl1PB5U0VFIsg-h2hHEqWa5-yFGAeP5mNUU3jVfQ776Q1w1YLmdE8\"> videoinnslag<\/a><\/span><\/p>\n<p><a href=\"https:\/\/tv.nrk.no\/serie\/distriktsnyheter-rogaland\/201811\/DKRO99110918#t=4m13s\"><span style=\"color: #0000ff; text-decoration: underline;\">2018-11-09 NRK Rogaland Siktelse mot Plog AS<\/span><\/a><\/p>\n<p><span style=\"color: #0000ff;\"><a style=\"color: #0000ff;\" href=\"https:\/\/kirkensbymisjon.no\/artikler\/ansetter-papirlose\/\" target=\"_blank\" rel=\"noopener noreferrer\"><span style=\"text-decoration: underline;\">2018-06-21 Kirkens Bymisjon &#8211; Ansetter papirl\u00f8se<\/span><\/a><\/span> \u00a0 \u00a0 \u00a0 \u00a0 \u00a0 \u00a0 \u00a0 \u00a0 \u00a0 \u00a0 \u00a0 \u00a0 ANBEFALES &#8211; Informativ<\/p>\n<p><span style=\"color: #0000ff;\"><a style=\"color: #0000ff;\" href=\"http:\/\/www.klassekampen.no\/article\/20180115\/ARTICLE\/180119977\" target=\"_blank\" rel=\"noopener noreferrer\"><span style=\"text-decoration: underline;\">2018-01-15 Klassekampen Betalte for mye i ni \u00e5r<\/span><\/a><\/span><\/p>\n<p><a href=\"https:\/\/www.nrk.no\/rogaland\/asylsokere-kan-fa-tilbakebetalt-millioner-etter-skattetabbe-1.13859542\" target=\"_blank\" rel=\"noopener noreferrer\"><span style=\"color: #0000ff; text-decoration: underline;\">2018-01-11 NRK Asyls\u00f8kere kan f\u00e5 tilbakebetalt millioner etter skattetabbe<\/span><\/a><\/p>\n<p><a href=\"https:\/\/www.agenda316.no\/2019\/09\/30\/bryter-loven-for-papirlose\/\"><span style=\"text-decoration: underline;\"><span style=\"color: #0000ff; text-decoration: underline;\">2017-12-20 Agenda316<\/span><\/span><\/a><\/p>\n<p><a href=\"https:\/\/www.aftenposten.no\/norge\/i\/EoWk3P\/Driver-vikarbyra-for-papirlose--jubler-over-endelig-a-bli-politianmeldt\" target=\"_blank\" rel=\"noopener noreferrer\"><span style=\"color: #0000ff; text-decoration: underline;\">2017-12-18 Aftenposten Jubler over \u00e5 bli politianmeldt<\/span><\/a><\/p>\n<p><a href=\"https:\/\/www.aftenposten.no\/meninger\/debatt\/i\/l1AVmy\/Kort-sagt_-tirsdag-5-desember\" target=\"_blank\" rel=\"noopener noreferrer\"><span style=\"text-decoration: underline;\"><span style=\"color: #0000ff; text-decoration: underline;\">2017-12-05 Aftenposten UDI svarer ufullstendig<\/span><\/span><\/a><\/p>\n<p><a href=\"https:\/\/www.aftenposten.no\/meninger\/debatt\/i\/m77vg\/Ureturnerbare-asylsokere-far-arbeid--Arne-Viste\" target=\"_blank\" rel=\"noopener noreferrer\"><span style=\"text-decoration: underline;\"><span style=\"color: #0000ff; text-decoration: underline;\">2017-11-21 Aftenposten Ureturnerbare asyls\u00f8kere f\u00e5r arbeid<\/span><\/span><\/a> \u00a0 \u00a0 ANBEFALES &#8211; Informativ<\/p>\n<p><span style=\"color: #0000ff; text-decoration: underline;\"><a href=\"http:\/\/fontene.no\/nyheter\/papirlose-asylsokere-kan-jobbe-uten-a-straffes-6.47.498166.68ba6d35b9\" target=\"_blank\" rel=\"noopener noreferrer\"><span style=\"color: #0000ff; text-decoration: underline;\">2017-11-13 LO-Fontene Papirl\u00f8se asyls\u00f8kere kan jobbe uten \u00e5 straffes<\/span><\/a><\/span><\/p>\n<p><a href=\"https:\/\/www.nrk.no\/rogaland\/bemanningsbyra-krever-a-bli-anmeldt-_-igjen-1.13687379\" target=\"_blank\" rel=\"noopener noreferrer\"><span style=\"color: #0000ff; text-decoration: underline;\">2017-09-15 NRK Bemanningsbyr\u00e5 krever \u00e5 bli anmeldt<\/span><\/a><\/p>\n<p><a href=\"https:\/\/www.aftenbladet.no\/meninger\/debatt\/i\/rqvWe\/Vis-solidaritet-med-de-ureturnerbare-asylsokerne\" target=\"_blank\" rel=\"noopener noreferrer\"><span style=\"color: #0000ff; text-decoration: underline;\">2017-08-18 Stavanger Aftenblad Vis solidaritet<\/span><\/a><\/p>\n<p><a href=\"http:\/\/www.aftenbladet.no\/lokalt\/i\/KVAG7\/Arne-vil-vite-om-det-han-gjer-er-lovleg\" target=\"_blank\" rel=\"noopener noreferrer\"><span style=\"color: #0000ff; text-decoration: underline;\">2017-08-11 Stavanger Aftenblad Arne vil vite om det han gjer er lovleg<\/span><\/a><\/p>\n<p><a href=\"https:\/\/tv.nrk.no\/serie\/dagsrevyen-21\/NNFA21080917\/09-08-2017#t=3m55s\" target=\"_blank\" rel=\"noopener noreferrer\"><span style=\"color: #0000ff; text-decoration: underline;\">2017-08-09 NRK Dagsnytt Politiet har henlagt<\/span><\/a> \u00a0 \u00a0 \u00a0 \u00a0 \u00a0 \u00a0 \u00a0 \u00a0 \u00a0 \u00a0 \u00a0 \u00a0 \u00a0 \u00a0 \u00a0\u00a0 ANBEFALES &#8211; Informativ<\/p>\n<p><a href=\"https:\/\/www.nrk.no\/rogaland\/henlegger-saken-mot-arne-viste-1.13635318\" target=\"_blank\" rel=\"noopener noreferrer\"><span style=\"text-decoration: underline;\"><span style=\"color: #0000ff; text-decoration: underline;\">2017-08-09 NRK Rogaland Politiet har henlagt. N\u00e5 er det fritt fram for flere ansettelser<\/span><\/span><\/a><\/p>\n<p><span style=\"color: #0000ff; text-decoration: underline;\"><a style=\"color: #0000ff; text-decoration: underline;\" href=\"https:\/\/www.lo.no\/contentassets\/b4855a321c3f467fa185f953ed4aa454\/los_handlingsprogram_2017-2021-1.pdf\">2017-05-12 LO Handlingsprogram kap. 6.6 &laquo;&#8230; <em>inntil retur blir mulig<\/em>&laquo;<\/a><\/span><\/p>\n<p><span style=\"color: #0000ff; text-decoration: underline;\"><a style=\"color: #0000ff; text-decoration: underline;\" href=\"https:\/\/www.nrk.no\/rogaland\/politiet-krever-at-papirlose-tita-mister-jobben-1.13465911\" target=\"_blank\" rel=\"noopener noreferrer\">2017-04-07 NRK.no Politiet krever at Tita mister jobben<\/a><\/span><\/p>\n<p><span style=\"color: #0000ff; text-decoration: underline;\"><a style=\"color: #0000ff; text-decoration: underline;\" href=\"https:\/\/tv.nrk.no\/serie\/distriktsnyheter-rogaland\/DKRO99040717\/07-04-2017#t=0m52s\" target=\"_blank\" rel=\"noopener noreferrer\">2017-04-07 NRK Politiet aksjonerte mot IMI-kirken<\/a><\/span><\/p>\n<p><span style=\"text-decoration: underline;\"><span style=\"color: #0000ff; text-decoration: underline;\"><a style=\"color: #0000ff; text-decoration: underline;\" href=\"https:\/\/www.nrk.no\/rogaland\/letta-over-a-endelig-bli-avhort-og-etterforska-1.13453447\" target=\"_blank\" rel=\"noopener noreferrer\">2017-03-31 NRK.no Letta over endelig \u00e5 bli avh\u00f8rt<\/a><\/span><\/span><\/p>\n<p><span style=\"text-decoration: underline;\"><span style=\"color: #0000ff; text-decoration: underline;\"><a style=\"color: #0000ff; text-decoration: underline;\" href=\"https:\/\/tv.nrk.no\/serie\/dagsrevyen\/NNFA19033017\/30-03-2017#t=17m40s\" target=\"_blank\" rel=\"noopener noreferrer\">2017-03-30 NRK Dagsrevyen<\/a><\/span><\/span><\/p>\n<p><span style=\"color: #0000ff; text-decoration: underline;\"><a style=\"color: #0000ff; text-decoration: underline;\" href=\"https:\/\/www.facebook.com\/NRK\/videos\/1346732048734357\/\" target=\"_blank\" rel=\"noopener noreferrer\">2017-02-25 NRK Video Arne Viste pr\u00f8ver \u00e5 bli anmeldt<\/a><\/span><\/p>\n<p><span style=\"color: #0000ff; text-decoration: underline;\"><a style=\"color: #0000ff; text-decoration: underline;\" href=\"https:\/\/www.nrk.no\/dokumentar\/xl\/i-halvannet-ar-har-arne-kjempet-for-a-bli-anmeldt-1.13234583\" target=\"_blank\" rel=\"noopener noreferrer\">2017-02-25 NRK.no I halvannet \u00e5r har Arne kjempet for \u00e5 bli anmeldt<\/a><\/span><\/p>\n<p><span style=\"color: #0000ff; text-decoration: underline;\"><a style=\"color: #0000ff; text-decoration: underline;\" href=\"http:\/\/www.adressa.no\/meninger\/2017\/02\/21\/Listhaug-b%C3%B8r-forst%C3%A5-Kirkens-asylmotstand-14286405.ece\">2017-02-21 Adresseavisen Listhaug b\u00f8r forst\u00e5 kirkens asylmotstand<\/a><\/span><\/p>\n<p><span style=\"text-decoration: underline;\"><span style=\"color: #0000ff; text-decoration: underline;\"><a style=\"color: #0000ff; text-decoration: underline;\" href=\"http:\/\/www.aftenbladet.no\/meninger\/debatt\/Virkeligheten-om-de-ureturnerbare-539283b.html\">2017-02-20 Stavanger Aftenblad Virkeligheten om de ureturnerbare<\/a><\/span><\/span><\/p>\n<p><span style=\"text-decoration: underline;\"><span style=\"color: #0000ff; text-decoration: underline;\"><a style=\"color: #0000ff; text-decoration: underline;\" href=\"https:\/\/www.dyktige.no\/wp-content\/uploads\/2017\/02\/2017-02-08-Dagen-Biskop-ber-kirken-ansette-papirl\u00f8se.pdf\">2017-02-08 Dagen Biskop ber kirken ansette papirl\u00f8se<\/a><\/span><\/span><\/p>\n<p><span style=\"color: #0000ff; text-decoration: underline;\"><a style=\"color: #0000ff; text-decoration: underline;\" href=\"http:\/\/frifagbevegelse.no\/loaktuelt\/arne-anmelder-seg-selv-for-at-papirlose-melat-skal-fa-jobbe-hos-ham-6.158.442910.9b27938a29\" target=\"_blank\" rel=\"noopener noreferrer\">2017-02-06 LO-Aktuelt: Arne anmelder seg selv<\/a>\u00a0<\/span><span style=\"color: #000000;\">\u00a0\u00a0\u00a0\u00a0\u00a0\u00a0\u00a0\u00a0\u00a0\u00a0\u00a0\u00a0\u00a0\u00a0\u00a0\u00a0\u00a0\u00a0\u00a0\u00a0\u00a0\u00a0\u00a0\u00a0\u00a0\u00a0\u00a0\u00a0ANBEFALES &#8211; informativ<\/span><\/p>\n<p><span style=\"color: #0000ff; text-decoration: underline;\"><a style=\"color: #0000ff; text-decoration: underline;\" href=\"https:\/\/www.dyktige.no\/wp-content\/uploads\/2015\/10\/2017-02-03-Dagen-IMI-kirken-gir-jobb-til-papirl\u00f8s-asylant.pdf\" target=\"_blank\" rel=\"noopener noreferrer\">2017-02-03 Dagen: IMI-kirken gir jobb til papirl\u00f8s asylant<\/a><\/span><span style=\"color: #000000;\">\u00a0\u00a0\u00a0\u00a0\u00a0\u00a0\u00a0\u00a0 ANBEFALES &#8211; informativ<\/span><\/p>\n<p><span style=\"color: #0000ff; text-decoration: underline;\"><a style=\"color: #0000ff; text-decoration: underline;\" href=\"https:\/\/tv.nrk.no\/serie\/distriktsnyheter-rogaland\/DKRO98020217\/02-02-2017#t=2m50s\" target=\"_blank\" rel=\"noopener noreferrer\">2017-02-02 NRK: Ulovlig mener politiet TV<\/a><\/span><\/p>\n<p><a href=\"https:\/\/www.nrk.no\/rogaland\/til-kamp-mot-selskap-som-ansetter-papirlose-1.13357316\" target=\"_blank\" rel=\"noopener noreferrer\"><span style=\"color: #0000ff; text-decoration: underline;\">2017-02-02 NRK: Til kamp mot Plog AS Web<\/span><\/a><\/p>\n<p><span style=\"text-decoration: underline;\"><span style=\"color: #0000ff; text-decoration: underline;\"><a style=\"color: #0000ff; text-decoration: underline;\" href=\"https:\/\/radio.nrk.no\/serie\/her-og-naa-hovedsending\/DMTN01002217\/01-02-2017#t=1h25m17s\" target=\"_blank\" rel=\"noopener noreferrer\">2017-02-01 NRK: Tita arbeider i IMI-kirken Radio &laquo;Her og n\u00e5&raquo;<\/a><\/span><\/span><\/p>\n<p><span style=\"color: #0000ff; text-decoration: underline;\"><a style=\"color: #0000ff; text-decoration: underline;\" href=\"https:\/\/tv.nrk.no\/serie\/distriktsnyheter-rogaland\/DKRO98020117\/01-02-2017#t=35s\" target=\"_blank\" rel=\"noopener noreferrer\">2017-02-01 NRK: Tita arbeider i IMI-kirken TV<\/a><\/span><\/p>\n<p><span style=\"color: #0000ff; text-decoration: underline;\"><a style=\"color: #0000ff; text-decoration: underline;\" href=\"https:\/\/www.nrk.no\/rogaland\/papirlose-tita-har-fatt-jobb-_-men-arbeidsgiveren-bryter-loven-1.13354807\" target=\"_blank\" rel=\"noopener noreferrer\">2017-02-01 NRK: Tita arbeider i IMI-kirken Web<\/a><\/span><\/p>\n<p><span style=\"color: #0000ff;\"><a style=\"color: #0000ff; text-decoration: underline;\" href=\"https:\/\/radio.nrk.no\/serie\/ekko\/MDSP25021516\/28-10-2016#t=7s\" target=\"_blank\" rel=\"noopener noreferrer\">2016-10-28 NRK: Radio Ekko<\/a><\/span><\/p>\n<p><span style=\"color: #0000ff;\"><a style=\"color: #0000ff; text-decoration: underline;\" href=\"https:\/\/www.dyktige.no\/wp-content\/uploads\/2016\/07\/2016-07-05-Risikerer-fengsel-for-papirl\u00f8se_VL.pdf\" target=\"_blank\" rel=\"noopener noreferrer\">2016-07-05 V\u00e5rt Land: Risikerer fengsel for papirl\u00f8se<\/a><\/span><\/p>\n<p><span style=\"text-decoration: underline;\"><span style=\"color: #0000ff; text-decoration: underline;\"><a style=\"color: #0000ff; text-decoration: underline;\" href=\"http:\/\/www.dagbladet.no\/2016\/04\/25\/kultur\/meninger\/debatt\/asyl\/arbeid\/43971175\/\" target=\"_blank\" rel=\"noopener noreferrer\">2016-04-25 Dagbladet: Frar\u00f8ves retten til arbeid<\/a><\/span><\/span><span style=\"color: #000000;\">\u00a0\u00a0\u00a0\u00a0\u00a0\u00a0\u00a0\u00a0\u00a0\u00a0\u00a0\u00a0\u00a0\u00a0\u00a0\u00a0\u00a0\u00a0\u00a0\u00a0\u00a0\u00a0 \u00a0 ANBEFALES &#8211; informativ<\/span><\/p>\n<p><span style=\"color: #0000ff;\"><a style=\"color: #0000ff; text-decoration: underline;\" href=\"http:\/\/www.aftenposten.no\/nyheter\/iriks\/politikk\/KrF-apner-for-a-la-ureturnerbare-asylsokere-jobbe-8225808.html\" target=\"_blank\" rel=\"noopener noreferrer\">2015-11-01 Aftenposten: Krf \u00e5pner for \u00e5 la ureturnerbare arbeide<\/a><\/span><\/p>\n<p><span style=\"color: #0000ff;\"><a style=\"color: #0000ff; text-decoration: underline;\" href=\"https:\/\/tv.nrk.no\/serie\/distriktsnyheter-rogaland\/DKRO99103015\/30-10-2015#t=3m16s\" target=\"_blank\" rel=\"noopener noreferrer\">2015-10-30 NRK: Arbeider ulovleg &#8211; men ingen vil stoppa henne TV<\/a><span style=\"color: #000000;\">\u00a0\u00a0\u00a0\u00a0\u00a0\u00a0\u00a0\u00a0 ANBEFALES<\/span><\/span><\/p>\n<p><span style=\"color: #0000ff;\"><a style=\"color: #0000ff; text-decoration: underline;\" href=\"https:\/\/www.nrk.no\/rogaland\/papirlause-far-ikkje-arbeida-1.12628617\" target=\"_blank\" rel=\"noopener noreferrer\">2015-10-30 NRK: Arbeider ulovleg &#8211; men ingen vil stoppa henne Web<\/a><\/span><\/p>\n<p><span style=\"color: #0000ff;\"><a style=\"color: #0000ff;\" href=\"https:\/\/www.stortinget.no\/no\/Saker-og-publikasjoner\/Publikasjoner\/Referater\/Stortinget\/2010-2011\/110315\/14\/\"><span style=\"text-decoration: underline;\">2011-03-15 Stortinget behandler interpellasjon fra KrF ved Geir J\u00f8rgen Bekkevold<\/span><\/a><\/span><\/p>\n<p><a href=\"https:\/\/www.kommunal-rapport.no\/politikk\/skatteetatens-ryddesjau-slo-ut-asylsokere\/54173!\/\"><span style=\"text-decoration: underline; color: #0000ff;\">2011-02-09 Kommunal Rapport &#8211; Skatteetatens ryddesjau<\/span><\/a><\/p>\n\n\n<p><\/p>\n","protected":false},"excerpt":{"rendered":"<p>Her er en kronologisk liste over medieoppslag som ikke ligger bak betalingsmur: 2022-08-15 Verdidebatt \/&#46;&#46;&#46;<\/p>\n","protected":false},"author":1,"featured_media":0,"parent":0,"menu_order":0,"comment_status":"closed","ping_status":"closed","template":"","meta":{"footnotes":""},"class_list":["post-305","page","type-page","status-publish","hentry"],"_links":{"self":[{"href":"https:\/\/www.dyktige.no\/index.php?rest_route=\/wp\/v2\/pages\/305","targetHints":{"allow":["GET"]}}],"collection":[{"href":"https:\/\/www.dyktige.no\/index.php?rest_route=\/wp\/v2\/pages"}],"about":[{"href":"https:\/\/www.dyktige.no\/index.php?rest_route=\/wp\/v2\/types\/page"}],"author":[{"embeddable":true,"href":"https:\/\/www.dyktige.no\/index.php?rest_route=\/wp\/v2\/users\/1"}],"replies":[{"embeddable":true,"href":"https:\/\/www.dyktige.no\/index.php?rest_route=%2Fwp%2Fv2%2Fcomments&post=305"}],"version-history":[{"count":9,"href":"https:\/\/www.dyktige.no\/index.php?rest_route=\/wp\/v2\/pages\/305\/revisions"}],"predecessor-version":[{"id":3913,"href":"https:\/\/www.dyktige.no\/index.php?rest_route=\/wp\/v2\/pages\/305\/revisions\/3913"}],"wp:attachment":[{"href":"https:\/\/www.dyktige.no\/index.php?rest_route=%2Fwp%2Fv2%2Fmedia&parent=305"}],"curies":[{"name":"wp","href":"https:\/\/api.w.org\/{rel}","templated":true}]}}