{"id":3041,"date":"2021-07-21T04:25:58","date_gmt":"2021-07-21T03:25:58","guid":{"rendered":"https:\/\/www.dyktige.no\/?page_id=3041"},"modified":"2021-11-06T18:27:15","modified_gmt":"2021-11-06T17:27:15","slug":"uavklarte-juridiske-momenter","status":"publish","type":"page","link":"https:\/\/www.dyktige.no\/?page_id=3041","title":{"rendered":"GRL \u00a7 110 hovedmomenter"},"content":{"rendered":"\n<p><strong>ER GRUNNLOVENS \u00a7 110 <span style=\"text-decoration: underline;\">BARE <\/span>EN PROGRAMERKL\u00c6RING, ELLER OGS\u00c5 NOE MER?<br><\/strong>P\u00e5talemyndigheten argumenterte under hovedforhandlingen i Oslo Tingrett med at \u00a7 110 <span style=\"text-decoration: underline;\">bare <\/span>er en programerkl\u00e6ring.<br>Jeg og min forsvarer hevdet at den vedtatte \u00a7 110 er en programerkl\u00e6ring, men <span style=\"text-decoration: underline;\">ogs\u00e5 noe mer<\/span>.<br>Tingrettens dom bygger p\u00e5 at \u00a7 110 <span style=\"text-decoration: underline;\">bare <\/span>er en programerkl\u00e6ring, uten \u00e5 angi noen kilder som begrunner et slikt syn.<\/p>\n\n\n\n<p>For \u00e5 finne st\u00f8tte for sine syn har p\u00e5talemyndighet og dommerne ved Oslo Tingrett forvekslet den grunnlovsbestemmelse som ble forkastet i 1952 med den grunnlovsbestemmelse som ble vedtatt i 1954. Dermed opplever jeg at jeg er blitt d\u00f8mt etter lover som ikke er vedtatt, og ikke etter de lover som faktisk er vedtatt. Det utl\u00f8ser behov for grundigere avklaringer.<\/p>\n\n\n\n<p><strong>SAMMENSTILLING AV HOVEDPUNKTENE FRA LOVGIVERS SIDE<\/strong><br>* det forslaget til \u00a7 110 som ble forkastet (1952)<br>* den \u00a7 110 som ble vedtatt (1954)<br>* den \u00a7 110 som ble fornyet (2014)<\/p>\n\n\n\n<figure class=\"wp-block-table\"><table><tbody><tr><td><strong>GRL \u00a7 110<\/strong><\/td><td><strong>Forkastet i 1952<\/strong><br>Se <a href=\"https:\/\/www.dyktige.no\/?page_id=2265\">forarbeidene<\/a><\/td><td><strong>Besluttet i 1954<\/strong><br>Se <a href=\"https:\/\/www.dyktige.no\/?page_id=2265\">forarbeidene<\/a><\/td><td><strong>Besluttet i 2014<\/strong><br>Se <a href=\"https:\/\/www.dyktige.no\/?page_id=2265\">forarbeidene<\/a><\/td><\/tr><tr><td><strong>Lovtekst<\/strong><\/td><td><em>Ethvert arbeidsdygtigt Menneske har Ret og Pligt til at arbeide for sit Udkomme.<\/em><\/td><td><em>Det paaligger Statens Myndigheder at l\u00e6gge Forholdene til Rette for at ethvert arbeidsdygtigt Menneske kan skaffe sig Udkomme ved sit Arbeide.<\/em><\/td><td><em>Statens myndigheter skal legge forholdene til rette for at ethvert arbeidsdyktig menneske kan tjene til livets opphold ved arbeid&nbsp;eller n\u00e6ring.<\/em><\/td><\/tr><tr><td><strong>Hoved-<\/strong><br><strong>funksjon<\/strong><\/td><td><em>&#8230; programerkl\u00e6ring<\/em><\/td><td><em>&#8230; samfunnets bindende tilsagn til sine borgere<br>&#8230; et direktiv med adresse til statens myndigheter<\/em><\/td><td><em>&#8230; plikt til \u00e5 tilrettelegge for at alle kan f\u00e5 seg en jobb<\/em><\/td><\/tr><tr><td><strong>Dok16<\/strong><\/td><td><em>Ideen bak forslaget hadde bred oppslutning, men forslaget fikk likevel ikke det n\u00f8dvendige grunnlovsmessige flertallet (71 mot 61 stemmer), fordi det etter mindretallets oppfatning ikke gikk tydelig nok frem at bestemmelsen <span style=\"text-decoration: underline;\">bare <\/span>var en programerkl\u00e6ring.<\/em><\/td><td><em>&#8230; et direktiv med adresse til statens myndigheter om at de skal f\u00f8lge en politikk som til enhver tid tar sikte p\u00e5 og holder seg for \u00f8ye at det enkelte samfunnsmedlem skal gis full adgang til gjennom sitt arbeid \u00e5 skaffe seg underhold for seg og sine<\/em><\/td><td><em>&#8230; m\u00e5 leses i lys av at statens myndigheter er forpliktet gjennom de internasjonale konvensjonene til \u00e5 respektere, beskytte og oppfylle rettigheter knyttet til arbeid.<\/em><\/td><\/tr><tr><td><strong>Ordlyd<\/strong><\/td><td>Inkonsistens mellom ordlyd og innhold\/innstilling:<br><em>1. Ingen rett til \u00e5 bli tilvist arbeid<br>2. Ingen plikt til \u00e5 arbeide<\/em><\/td><td>Konsistens mellom ordlyd og innhold\/innstilling<\/td><td>Konsistens mellom ordlyd og innhold\/innstilling<\/td><\/tr><tr><td><strong>Hvem?<\/strong><\/td><td><em>Ethvert arbeidsdyktigt Menneske &#8230;<\/em><br>Menneskerettighet og ikke borgerrettighet!<\/td><td><em>&#8230; ethvert arbeidsdyktigt Menneske &#8230;<\/em><br>Menneskerettighet og ikke borgerrettighet!<\/td><td><em>&#8230; ethvert arbeidsdyktig menneske &#8230;<\/em><br>Menneskerettighet og ikke borgerrettighet!<\/td><\/tr><tr><td><strong>Individ-<\/strong><br><strong>fokus<\/strong>?<\/td><td>Individfokus, ikke bare &laquo;h\u00f8y sysselsetting og lav arbeidsledighet&raquo;<\/td><td>Individfokus, ikke bare &laquo;h\u00f8y sysselsetting og lav arbeidsledighet&raquo;<\/td><td>Individfokus, ikke bare &laquo;h\u00f8y sysselsetting og lav arbeidsledighet&raquo;<\/td><\/tr><tr><td><strong>Myndighets-<br>plikten<\/strong><\/td><td><em>Om staten ikke likefram kan lovfeste en rett til arbeid, vil det v\u00e6re god politikk at staten gir positivt uttrykk for at den regner det som en moralsk plikt for seg \u00e5 s\u00f8rge for at ikke noe samfunnsmedlem g\u00e5r uforskyldt arbeidsl\u00f8s. Et velordnet samfunn m\u00e5 sette seg som m\u00e5l at alle har et utkomme som gir dem et menneskeverdig eksistensgrunnlag, s\u00e5 de kan leve uten frykt for arbeidsl\u00f8yse og n\u00f8d.<\/em><\/td><td><em>&#8230; de som velges til Stortinget eller f\u00e5r myndighet i staten blir forpliktet til \u00e5 realisere Grunnlovens p\u00e5legg.<\/em><\/td><td><em>&#8230; de som velges til Stortinget eller f\u00e5r myndighet i staten blir forpliktet til \u00e5 realisere Grunnlovens p\u00e5legg. <\/em><\/td><\/tr><tr><td><strong>Plikt-subjektet<\/strong><\/td><td>&#8230; staten &#8230;<\/td><td>&#8230; de som velges til Stortinget eller f\u00e5r myndighet i staten<\/td><td> &#8230; de som velges til Stortinget eller f\u00e5r myndighet i staten <\/td><\/tr><tr><td><strong>Myndighets-<br>forbudet<\/strong><\/td><td>&#8230; <em>urimelige og urettferdige inngrep i den enkeltes rettssf\u00e6re ble rammet av de nevnte grunnlovsbud<\/em> <\/td><td><em>Det kan ikke vedtas lover eller treffes disposisjoner som \u00e5penbart og bevisst hindrer eller vanskeliggj\u00f8r realiseringen av Grunnlovens p\u00e5legg.<\/em><\/td><td><em>Det kan ikke vedtas lover eller treffes disposisjoner som \u00e5penbart og bevisst hindrer eller vanskeliggj\u00f8r realiseringen av Grunnlovens p\u00e5legg.<\/em><\/td><\/tr><tr><td><strong>Domstols-<br>pr\u00f8ving<\/strong><\/td><td>Str\u00f8m (komiteens ordf\u00f8rer):<br><em>Jeg &#8211; og flertallet i komiteen &#8211; er enig med forfatteren i at det ikke vil v\u00e6re mulig eller hensiktsmessig \u00e5 lovfeste en <span style=\"text-decoration: underline;\">juridisk rett for den enkelte arbeidsl\u00f8se til \u00e5 kreve seg tilvist arbeid<\/span> av det offentlige og med adgang til \u00e5 gj\u00f8re en slik rett gjeldende ved domstolene.<\/em><br><br>Justisdepartementet:<br><em>Allerede Fredrik Stang (1833) gjorde gjeldende den oppfatning at bare urimelige og urettferdige inngrep i den enkeltes rettssf\u00e6re ble rammet av de nevnte grunnlovsbud. Og denne<br>l\u00e6re er i de senere \u00e5r tatt opp igjen og ytterligere underbygget av fremst\u00e5ende statsrettsl\u00e6rde (Standardteorien).<\/em><\/td><td>P\u00e5budet:<br>&#8230; <em>de som velges til Stortinget eller f\u00e5r myndighet i staten blir forpliktet til \u00e5 realisere Grunnlovens p\u00e5legg.<\/em><br><br>Forbudet:<br><em>Det kan ikke vedtas lover eller treffes disposisjoner som \u00e5penbart og bevisst hindrer eller vanskeliggj\u00f8r realiseringen av Grunnlovens p\u00e5legg.<\/em><\/td><td><em>Men domstolene vil f\u00f8re kontroll med at myndighetene lojalt har gjort det som st\u00e5r i deres makt for \u00e5 etablere adekvate, solide og ikke-diskriminerende ordninger som gj\u00f8r at kjernen i rettighetene blir ivaretatt, og at de rettigheter det er tale om, ikke faller under det minimumsniv\u00e5 som skal til for \u00e5 oppfylle konvensjonens krav om ivaretakelse av frihet, likhet og menneskeverd.<\/em><\/td><\/tr><\/tbody><\/table><\/figure>\n\n\n\n<p><strong>DEN VIKTIGE FORSKJELLEN MELLOM DET SOM BLE FORKASTET OG DET SOM BLE VEDTATT<br><\/strong>Grunnlovsforslaget fra 1948 ble forkastet i 1952 av flere grunner, deriblant:<\/p>\n\n\n\n<ul class=\"wp-block-list\"><li>Ordlyden i lovteksten var viktig. Forslagets ordlyd kunne misforst\u00e5s til \u00e5 inneholde en rett til \u00e5 kreve seg tilvist arbeid. Dermed ble det forkastet. Stortinget var bevisste p\u00e5 at ordlyden m\u00e5tte gjenspeile meningsinnholdet. P\u00e5 den m\u00e5ten sikret stortinget seg mot misforst\u00e5elser av bestemmelsens innhold.<\/li><li>Tross ordlyden skulle innholdet i bestemmelsen &laquo;bare v\u00e6re en programerkl\u00e6ring&raquo;. Forslaget fikk ikke det n\u00f8dvendige flertall fordi rene programerkl\u00e6ringer av slik art ikke h\u00f8rte inn i grunnlovens juridisk forpliktende bestemmelser.<\/li><\/ul>\n\n\n\n<p><strong>HVORDAN OMTALES DE FORELIGGENDE LOVFORSLAGENE I FORARBEIDENE?<\/strong><\/p>\n\n\n\n<p>Jeg har gjort en grundig gjennomgang, og gulmerket beskrivelsene i <a href=\"https:\/\/www.dyktige.no\/wp-content\/uploads\/2021\/10\/1800-2014-Kildene-med-kommentarer.pdf\">denne pdf-en<\/a><img decoding=\"async\" class=\"wp-image-3359\" style=\"width: NaNpx;\" src=\"https:\/\/www.dyktige.no\/wp-content\/uploads\/2021\/10\/1800-2012-Forarbeidenes-begreper.xlsx\" alt=\"\">, samt laget en oppsummering i <a href=\"https:\/\/www.dyktige.no\/wp-content\/uploads\/2021\/10\/1800-2012-Forarbeidenes-begreper.xlsx\">dette Excel-arket<\/a>. Forskjellen mellom det som ble forkastet og det som ble vedtatt er krystallklar:<\/p>\n\n\n\n<figure class=\"wp-block-table\"><table><tbody><tr><td class=\"has-text-align-left\" data-align=\"left\"><strong>Forslaget som ble avvist i 1952<\/strong><\/td><td class=\"has-text-align-left\" data-align=\"left\"><strong>Forslaget som ble vedtatt i 1954<\/strong><\/td><\/tr><tr><td class=\"has-text-align-left\" data-align=\"left\">[ikke] en subjektiv rett til \u00e5 kreve seg tildelt arbeid av staten<br>en moralsk plikt<br>m\u00e5l<br>et sosialt kulturideal<br>en forfatningslikt for staten<br>[ikke] en juridisk rett \u2026 til \u00e5 kreve seg tilvist arbeid \u2026<br>krav om at det skal f\u00f8res en \u00f8konomisk politikk som tar sikte p\u00e5 <br>sette i gang tiltak<br>m\u00e5 staten gjennom trygd gi \u2026 minsteinntekt<br>grupper som ikke b\u00f8r eller kan arbeide<br>prinsippet<br>likestilles med andre demokratiske rettigheter<br>prinsippet<br>viktigste forutsetningen \u2026 er \u00f8konomisk politikk<br>prinsippet<br>avviker fra v\u00e5re vanlige materiellrettslige lovregler for s\u00e5 vidt som den ikke umiddelbart stifter rett og plikt for det enkelte individ<br>allminnelig henstilling til statsmaktene<br>programerkl\u00e6ring<br>\u00f8nskem\u00e5l for statsstyret<br>henstillinger eller formaninger til lovgiveren<br>tolkes i tidens \u00e5nd<br>mer elastiske tolkingsregler enn vanlige lovforskrifter<br>urimelige og urettferdige inngrep i den enkeltes rettssf\u00e6re ble rammet av de nevnte grunnlovsbud<br>programerkl\u00e6ring<br>prinsipp<br>[ikke] en juridisk rett \u2026 til \u00e5 kreve seg tilvist arbeid \u2026<br>krav om at det skal f\u00f8res en \u00f8konomisk politikk som ta sikte p\u00e5 \u2026<br>avviker fra v\u00e5re vanlige materiellrettslige lovregler for s\u00e5 vidt som den ikke umiddelbart stifter rett og plikt for det enkelte individ<br>programerkl\u00e6ring<br>ikke stifter rett og plikt for det enkelte individ<br>moralsk forpliktelse til \u00e5 f\u00f8re en \u00f8konomisk og sosial politikk som tar sikte p\u00e5<br>p\u00e5legger staten en moralsk forpliktelse<br>to-sidig moralsk forpliktelse<br>[ikke] uttrykk for at det var en programerkl\u00e6ring<br>[ikke] ikke en juridisk bindende rett (dobbel nektelse)<br>bestemmelse om rett og plikt<br>bestemmelser som for \u00f8vrig h\u00f8rer under dette avsnitt, inneholder virkelige rettsregler<br>en programerkl\u00e6ring<br>ikke stifter rett og plikt for det enkelte individ<br>en moralsk forpliktelse<br>[ikke] en programerkl\u00e6ring<br>[ikke] ikke en juridisk bindende rett og plikt (dobbel nektelse)<br>karakteren av en programerkl\u00e6ring<br>virkelige rettsregler som individene kan gj\u00f8re bruk av ved domstolene<\/td><td class=\"has-text-align-left\" data-align=\"left\">et direktiv for statens myndigheter til \u00e5 f\u00f8re en slik politikk<br><br>utgangspunktet og grunnlaget [for politikken]<br><br>plikt til \u00e5 gj\u00f8re hva de kan i s\u00e5 m\u00e5te<br><br>samfunnets bindende tilsagn til sine borgere<br><br>Alle som \u2026 f\u00e5r myndighet i staten<br><br>blir forpliktet til \u00e5 realisere<br><br>p\u00e5legg<br><br>en st\u00f8rre realitet \u2026. enn de mere generelle l\u00f8fter politikerne avlegger i sine programmer<br><br>et dypere alvor enn de mere generelle l\u00f8fter politikerne avlegger i sine programmer<br><br>Det kan ikke vedtas lover \u2026 som \u00e5penbart og bevisst hindrer eller vanskeliggj\u00f8r realiseringen<br><br>Det kan ikke \u2026 treffes disposisjoner som \u00e5penbart og bevisst hindrer eller vanskeliggj\u00f8r realiseringen<br><br>p\u00e5legg<br><br>en hovedretningslinje for \u2026 politikk<br><br>P\u00e5legget<br><br>prinsipperkl\u00e6ringer av den art som inneholdes<\/td><\/tr><\/tbody><\/table><\/figure>\n\n\n\n<p><strong>Forslaget som ble forkastet i 1952<\/strong> var i sin hovedfunksjon ment \u00e5 v\u00e6re en programerkl\u00e6ring. Selve ordet &laquo;programerkl\u00e6ring&raquo; benyttes 8 ganger i forarbeidene for \u00e5 beskrive forslaget. Men det er tydelig at ordet ble brukt for \u00e5 markere avstand til forslagets ordlyd &laquo;Ret og Pligt&raquo;. Ordet &laquo;programerkl\u00e6ring&raquo; ble brukt for \u00e5 poengtere at man ikke kunne kreve seg tilvist arbeid med loven i h\u00e5nd. Forarbeidene gir ikke st\u00f8tte for synspunktet om at en funksjon som programerkl\u00e6ring utelukker andre funksjoner. Beste eksempel er nok forbudet mot &laquo;urimelige og urettferdige inngrep i den enkeltes rettssf\u00e6re.&raquo; som ikke ble vurdert \u00e5 v\u00e6re uforenlig med en slik programerkl\u00e6ring.<\/p>\n\n\n\n<p>Ordet &laquo;programerkl\u00e6ring&raquo; brukes ogs\u00e5 andre steder i forarbeidene, men da som henvisning til erkl\u00e6ringene i fellesprogrammet eller de p\u00e5f\u00f8lgende partiprogrammer.<\/p>\n\n\n\n<p><strong>Forslaget som faktisk ble vedtatt i 1954<\/strong> omtales ikke en eneste gang i forarbeidene med ordet &laquo;programerkl\u00e6ring&raquo;. Hovedfunksjonen var helt tydelig \u00e5 v\u00e6re et direktiv, et p\u00e5legg, til statens myndigheter. Og pliktsubjektet var ikke bare stortinget og politikerne og partiene som arbeidet med politiske programmer, men inkluderte alle &laquo;de som f\u00e5r myndighet i staten&raquo;. Men b\u00e5de komiteens fraksjon som viste til at bestemmelsen inneholdt en &laquo;prinsipperkl\u00e6ring&raquo; og den p\u00e5f\u00f8lgende stortingsdebatten viser at bestemmelsen ogs\u00e5 har en slik politisk\/programmessig funksjon. At bestemmelsen inneholder en slik funksjon har straffed\u00f8mte Viste og p\u00e5talemyndigheten v\u00e6rt enige om fra dag 1.<\/p>\n\n\n\n<p>I 2014 ble ogs\u00e5 n\u00e6ringsfriheten innlemmet i \u00a7 110, den hadde ligget i \u00a7 101 helt siden 1814. Den er aldri omtalt som noen &laquo;programerkl\u00e6ring&raquo;, verken f\u00f8r eller etter den ble innlemmet i \u00a7 110.<\/p>\n\n\n\n<p><strong>P\u00c5TALEMYNDIGHETEN<\/strong><\/p>\n\n\n\n<p>Jeg forutsetter at p\u00e5talemyndigheten har gjort sine vurderinger av forarbeidene, og im\u00f8teser en begrunnelse dersom de fastholder sin argumentasjon fra Oslo Tingrett om at \u00a7 110 <strong>kun<\/strong> er en programerkl\u00e6ring, og at det derfor utelukker andre funksjoner.<\/p>\n","protected":false},"excerpt":{"rendered":"<p>ER GRUNNLOVENS \u00a7 110 BARE EN PROGRAMERKL\u00c6RING, ELLER OGS\u00c5 NOE MER?P\u00e5talemyndigheten argumenterte under hovedforhandlingen i&#46;&#46;&#46;<\/p>\n","protected":false},"author":1,"featured_media":0,"parent":0,"menu_order":0,"comment_status":"closed","ping_status":"closed","template":"","meta":{"footnotes":""},"class_list":["post-3041","page","type-page","status-publish","hentry"],"_links":{"self":[{"href":"https:\/\/www.dyktige.no\/index.php?rest_route=\/wp\/v2\/pages\/3041","targetHints":{"allow":["GET"]}}],"collection":[{"href":"https:\/\/www.dyktige.no\/index.php?rest_route=\/wp\/v2\/pages"}],"about":[{"href":"https:\/\/www.dyktige.no\/index.php?rest_route=\/wp\/v2\/types\/page"}],"author":[{"embeddable":true,"href":"https:\/\/www.dyktige.no\/index.php?rest_route=\/wp\/v2\/users\/1"}],"replies":[{"embeddable":true,"href":"https:\/\/www.dyktige.no\/index.php?rest_route=%2Fwp%2Fv2%2Fcomments&post=3041"}],"version-history":[{"count":9,"href":"https:\/\/www.dyktige.no\/index.php?rest_route=\/wp\/v2\/pages\/3041\/revisions"}],"predecessor-version":[{"id":3418,"href":"https:\/\/www.dyktige.no\/index.php?rest_route=\/wp\/v2\/pages\/3041\/revisions\/3418"}],"wp:attachment":[{"href":"https:\/\/www.dyktige.no\/index.php?rest_route=%2Fwp%2Fv2%2Fmedia&parent=3041"}],"curies":[{"name":"wp","href":"https:\/\/api.w.org\/{rel}","templated":true}]}}