{"id":1670,"date":"2019-12-10T23:12:38","date_gmt":"2019-12-10T22:12:38","guid":{"rendered":"https:\/\/www.dyktige.no\/?page_id=1670"},"modified":"2020-01-28T16:19:22","modified_gmt":"2020-01-28T15:19:22","slug":"onsker-dere-besok","status":"publish","type":"page","link":"https:\/\/www.dyktige.no\/?page_id=1670","title":{"rendered":"\u00d8nsker dere bes\u00f8k?"},"content":{"rendered":"\n<p>Hvis dere \u00f8nsker min deltakelse p\u00e5 et arrangement, vil jeg v\u00e6re positiv til det. Men siden p\u00e5gangen er stor, trenger jeg ta betalt. Prisene er basert p\u00e5 <a href=\"https:\/\/www.forfattersentrum.no\/honorarsatser\/ordinaere-satser-2\/\">forfatterforeningens minimumspriser<\/a> og fra 01.03.2020 som f\u00f8lger:<\/p>\n\n\n\n<ul class=\"wp-block-list\"><li>Uforberedt paneldebatt: kr. 3.100,-<\/li><li>Forberedt paneldebatt: kr. 4.350,-<\/li><li>Foredrag opp til 20 minutter: kr. 4.600,-<\/li><li>Standardforedrag opp til 45 minutter: kr. 5.000,- (se tematikk under)<\/li><li>Originalforedrag opp til 45 minutter:  kr. 8.500,-<\/li><li>Standardforedrag opp til 60 minutter: kr. 6.000,-<\/li><li>Originalforedrag opp til 60 minutter: kr. 10.000,-<\/li><li>For reisetid tur\/retur (fra Sola kommune i Rogaland) fakturerer jeg kr. 500,- per time. Jeg runder opp til n\u00e6rmeste halvtime hver vei. Men det faktureres ikke mer enn 8 timer reise per kalenderd\u00f8gn.<\/li><li>Reiseutgifter, kost og losji fakturerer jeg etter statens satser<\/li><li>Prisene er ekskl. MVA<\/li><\/ul>\n\n\n\n<p>Det vil v\u00e6re oppdragsgiver som bestemmer innhold og form p\u00e5 deltakelsen min. Typisk tematikk p\u00e5 slike samlinger kan v\u00e6re:<\/p>\n\n\n\n<ul class=\"wp-block-list\"><li>Generell samtale og\/eller debatt om relaterte problemstillinger<\/li><li>Om de ureturnerbare asyls\u00f8kerne sin situasjon. <a href=\"https:\/\/www.dyktige.no\/wp-content\/uploads\/2018\/08\/De-ureturnerbare-Hvorfor-drar-de-ikke-hjem-\u2013-for-nett2.pdf\">Se denne brosjyren<\/a> for en smakebit p\u00e5 innholdet. Passer alle.<\/li><li>Om betydningen av arbeid, og det juridiske grunnlaget. <a href=\"https:\/\/www.dyktige.no\/wp-content\/uploads\/2018\/08\/De-ureturnerbare-Hvorfor-skal-de-arbeide-\u2013-for-nett2.pdf\">Se denne brosjyren<\/a> for en smakebit p\u00e5 innholdet. Passer alle.<\/li><li>Om Plog AS sitt prosjekt mot juridisk avklaring. <a href=\"https:\/\/www.dyktige.no\/wp-content\/uploads\/2018\/08\/De-ureturnerbare-Ansettelser-i-Plog-AS-\u2013-for-nett2.pdf\">Se denne brosjyren<\/a> for en smakebit p\u00e5 innholdet. Passer alle.<\/li><li>Om menneskesyn. Likheter og forskjeller mellom det kristne og det humanistiske menneskesyn. Passer alle.<\/li><li>&laquo;Retten til arbeid&raquo; i et bibelsk perspektiv. Passer menigheter.<\/li><li>Om det personlige kallet fra Gud til \u00e5 ta kampen. Snakker Gud til oss i dag? P\u00e5 hvilke m\u00e5ter? Passer menigheter.<\/li><li>Om demokratiet og maktfordelingsprinsippet. Betydningen for Plog AS. Passer alle, men spesielt skoler.<\/li><li>Om \u00e5 v\u00e6re uenig med lederen. Henter noe stoff fra boka &laquo;Omgitt av l\u00f8gnere&raquo; av Arne Selvik. L\u00f8gn eller sannhet? Handlingsrom eller gr\u00e5sone? Etiske retningslinjer? Lojalitet eller lydighet?  Kritiker eller kverulant? &laquo;Kan du ikke bare&#8230;&raquo; Passer bedrifter og menigheter.<\/li><li>Om sivil ulydighet. Er jus og moral s\u00f8sken? <a href=\"https:\/\/radio.nrk.no\/serie\/desse-dagar\/KMTE86003619\">Lytt til dette radioprogrammet<\/a> for en smakebit p\u00e5 innholdet. Passer alle.<\/li><\/ul>\n\n\n\n<p>Plukk og miks fra listen over. Men velg gjerne ut en hovedtematikk for strukturens skyld. Jeg setter ogs\u00e5 pris p\u00e5 utfordringer og nye vinklinger som dere \u00f8nsker samtale rundt.<\/p>\n\n\n\n<p>Avtale gj\u00f8res best ved eposthenvendelser til arne.viste@lyse.net. Telefon til 47954763 besvares bare sporadisk.<\/p>\n","protected":false},"excerpt":{"rendered":"<p>Hvis dere \u00f8nsker min deltakelse p\u00e5 et arrangement, vil jeg v\u00e6re positiv til det. Men&#46;&#46;&#46;<\/p>\n","protected":false},"author":1,"featured_media":0,"parent":0,"menu_order":0,"comment_status":"closed","ping_status":"closed","template":"","meta":{"footnotes":""},"class_list":["post-1670","page","type-page","status-publish","hentry"],"_links":{"self":[{"href":"https:\/\/www.dyktige.no\/index.php?rest_route=\/wp\/v2\/pages\/1670","targetHints":{"allow":["GET"]}}],"collection":[{"href":"https:\/\/www.dyktige.no\/index.php?rest_route=\/wp\/v2\/pages"}],"about":[{"href":"https:\/\/www.dyktige.no\/index.php?rest_route=\/wp\/v2\/types\/page"}],"author":[{"embeddable":true,"href":"https:\/\/www.dyktige.no\/index.php?rest_route=\/wp\/v2\/users\/1"}],"replies":[{"embeddable":true,"href":"https:\/\/www.dyktige.no\/index.php?rest_route=%2Fwp%2Fv2%2Fcomments&post=1670"}],"version-history":[{"count":7,"href":"https:\/\/www.dyktige.no\/index.php?rest_route=\/wp\/v2\/pages\/1670\/revisions"}],"predecessor-version":[{"id":1771,"href":"https:\/\/www.dyktige.no\/index.php?rest_route=\/wp\/v2\/pages\/1670\/revisions\/1771"}],"wp:attachment":[{"href":"https:\/\/www.dyktige.no\/index.php?rest_route=%2Fwp%2Fv2%2Fmedia&parent=1670"}],"curies":[{"name":"wp","href":"https:\/\/api.w.org\/{rel}","templated":true}]}}