{"id":1146,"date":"2018-07-11T13:55:32","date_gmt":"2018-07-11T12:55:32","guid":{"rendered":"https:\/\/www.dyktige.no\/?page_id=1146"},"modified":"2019-07-06T17:31:27","modified_gmt":"2019-07-06T16:31:27","slug":"veiledning-til-kunder","status":"publish","type":"page","link":"https:\/\/www.dyktige.no\/?page_id=1146","title":{"rendered":"Veiledning til kunder"},"content":{"rendered":"<p>Plog AS kan p\u00e5ta seg arbeidsgiveransvaret for det som m\u00e5tte v\u00e6re \u00e5 anse som regelmessige arbeidsoppgaver. Et absolutt minimum er 4 timers arbeide hver 14. dag.<\/p>\n<p>Plog AS vil sende en m\u00e5nedlig faktura for det faktisk utf\u00f8rte arbeidet. Timeprisen vil v\u00e6re basert p\u00e5 den ansattes timel\u00f8nn som avtales mellom kunde og den ansatte. Eventuell <a href=\"http:\/\/www.arbeidstilsynet.no\/fakta.html?tid=90849\">tariffestet minstel\u00f8nn<\/a> vil v\u00e6re minimum,\u00a0ellers settes minimum til\u00a0120,- kroner\/time. Plog AS gj\u00f8r p\u00e5slag for arbeidgiveravgift (14,1%), feriepenger (10,2%), OTP (2%) og p\u00e5slag for administrasjon (15%). Det faktureres alts\u00e5 avtalt minstel\u00f8nn med 41,3 % p\u00e5slag eksklusive MVA. Dette er ikke en l\u00f8sning som skal gi kunde billig arbeidskraft eller som skal gi Plog AS stor fortjeneste. Derimot er det en l\u00f8sning som tilstreber <a href=\"https:\/\/www.dyktige.no\/wp-content\/uploads\/2016\/10\/2016-10-22-Rettferdighetsprinsipper.pdf\">rettferdighet i alle forhold<\/a>. Da de ansatte ikke er medlemmer i Folketrygden og heller ikke tilbys OTP, vil 16,1 % (arb.giv.+OTP) utbetales til Mennesker i Limbo, og ikke til skatteforvaltningen. Skatteforvaltningen har bekreftet dette.<\/p>\n<p><a href=\"https:\/\/www.dyktige.no\/wp-content\/uploads\/2019\/07\/Prismodell-Plog-AS.jpg\"><img loading=\"lazy\" decoding=\"async\" class=\"alignnone size-full wp-image-1496\" src=\"https:\/\/www.dyktige.no\/wp-content\/uploads\/2019\/07\/Prismodell-Plog-AS.jpg\" alt=\"\" width=\"764\" height=\"204\" srcset=\"https:\/\/www.dyktige.no\/wp-content\/uploads\/2019\/07\/Prismodell-Plog-AS.jpg 764w, https:\/\/www.dyktige.no\/wp-content\/uploads\/2019\/07\/Prismodell-Plog-AS-300x80.jpg 300w, https:\/\/www.dyktige.no\/wp-content\/uploads\/2019\/07\/Prismodell-Plog-AS-520x139.jpg 520w\" sizes=\"auto, (max-width: 764px) 100vw, 764px\" \/><\/a><\/p>\n<p>Kunde kan selv velge graden av \u00e5penhet\u00a0og medieeksponering. Kundes identitet vil normalt v\u00e6re skjult ogs\u00e5 overfor myndighetene.<\/p>\n<p>Kunde vil f\u00e5 ansvar for den daglige oppf\u00f8lging av den innleide person, inkludert oppl\u00e6ring. Plog AS har satt en h\u00f8y etisk standard for oss selv og v\u00e5re ansatte, og krever det samme fra kundene v\u00e5re. Som kunde av Plog AS p\u00e5tar du deg ogs\u00e5 et personlig ansvar for \u00e5 trygge og hjelpe v\u00e5re ansatte.<\/p>\n<p>Det kan ogs\u00e5 v\u00e6re du m\u00e5 hjelpe den ansatte ved \u00e5 v\u00e6re privat mellommann for l\u00f8nnsutbetalingene, eller l\u00e5ne bort et privat bankkort.\u00a0De ikke-returnerbare f\u00e5r dessverre\u00a0ikke lov \u00e5 opprette konto i norske banker.<\/p>\n","protected":false},"excerpt":{"rendered":"<p>Plog AS kan p\u00e5ta seg arbeidsgiveransvaret for det som m\u00e5tte v\u00e6re \u00e5 anse som regelmessige&#46;&#46;&#46;<\/p>\n","protected":false},"author":1,"featured_media":0,"parent":0,"menu_order":0,"comment_status":"closed","ping_status":"closed","template":"","meta":{"footnotes":""},"class_list":["post-1146","page","type-page","status-publish","hentry"],"_links":{"self":[{"href":"https:\/\/www.dyktige.no\/index.php?rest_route=\/wp\/v2\/pages\/1146","targetHints":{"allow":["GET"]}}],"collection":[{"href":"https:\/\/www.dyktige.no\/index.php?rest_route=\/wp\/v2\/pages"}],"about":[{"href":"https:\/\/www.dyktige.no\/index.php?rest_route=\/wp\/v2\/types\/page"}],"author":[{"embeddable":true,"href":"https:\/\/www.dyktige.no\/index.php?rest_route=\/wp\/v2\/users\/1"}],"replies":[{"embeddable":true,"href":"https:\/\/www.dyktige.no\/index.php?rest_route=%2Fwp%2Fv2%2Fcomments&post=1146"}],"version-history":[{"count":4,"href":"https:\/\/www.dyktige.no\/index.php?rest_route=\/wp\/v2\/pages\/1146\/revisions"}],"predecessor-version":[{"id":1500,"href":"https:\/\/www.dyktige.no\/index.php?rest_route=\/wp\/v2\/pages\/1146\/revisions\/1500"}],"wp:attachment":[{"href":"https:\/\/www.dyktige.no\/index.php?rest_route=%2Fwp%2Fv2%2Fmedia&parent=1146"}],"curies":[{"name":"wp","href":"https:\/\/api.w.org\/{rel}","templated":true}]}}