{"id":1125,"date":"2018-07-11T11:52:03","date_gmt":"2018-07-11T10:52:03","guid":{"rendered":"https:\/\/www.dyktige.no\/?page_id=1125"},"modified":"2018-10-16T13:44:58","modified_gmt":"2018-10-16T12:44:58","slug":"veiledning-om-timeliste","status":"publish","type":"page","link":"https:\/\/www.dyktige.no\/?page_id=1125","title":{"rendered":"Veiledning om timeliste"},"content":{"rendered":"<p>Det er asyls\u00f8ker sitt ansvar \u00e5 skrive og sende timeliste. Asyls\u00f8ker skal sende timelisten p\u00e5 epost til <a href=\"mailto:arne.viste@lyse.net\">arne.viste@lyse.net<\/a> den siste dagen hver kalenderm\u00e5ned (eller dagen etterp\u00e5). Asyls\u00f8ker m\u00e5 sikre at all arbeidstiden p\u00e5 timelisten er avklart og avtalt med kunde.<\/p>\n<p>Asyls\u00f8ker m\u00e5 bli enig med kunde om hvordan timelsten skal se ut:<\/p>\n<ul>\n<li>skal det benyttes papir og underskrift eller bare epost?<\/li>\n<li>skal timelisten godkjennes av kunde f\u00f8r den sendes?<\/li>\n<li>skal det benyttes et eget papirskjema?<\/li>\n<li>skal det benyttes noe datasystem?<\/li>\n<\/ul>\n<p>Dersom ikke kunde har spesielle \u00f8nsker for dette, velger vi enkleste m\u00e5te. Det er at asyls\u00f8ker skriver timelisten rett i en epost som dette<\/p>\n<p><a href=\"https:\/\/www.dyktige.no\/wp-content\/uploads\/2018\/07\/Capture.jpg\"><img loading=\"lazy\" decoding=\"async\" class=\"alignnone size-full wp-image-1177\" src=\"https:\/\/www.dyktige.no\/wp-content\/uploads\/2018\/07\/Capture.jpg\" alt=\"\" width=\"358\" height=\"344\" srcset=\"https:\/\/www.dyktige.no\/wp-content\/uploads\/2018\/07\/Capture.jpg 358w, https:\/\/www.dyktige.no\/wp-content\/uploads\/2018\/07\/Capture-300x288.jpg 300w\" sizes=\"auto, (max-width: 358px) 100vw, 358px\" \/><\/a><\/p>\n<p><strong>FORKLARING<\/strong><\/p>\n<ul>\n<li>7:50 betyr 7 timer og 50 minutt.<\/li>\n<li>7,5 betyr syv og en halv time, alts\u00e5 7 timer og 30 minutt.<\/li>\n<\/ul>\n<p>7:50 er IKKE det samme som 7,5<\/p>\n<p>Husk forskjellen. Ikke bland komma og kolon!<\/p>\n<ul>\n<li>Klokkeslett angis med kolon, alts\u00e5 timer og minutter &#8211; 4:30<\/li>\n<li>Timeantall angis med desimalkomma, alts\u00e5 antallet timer &#8211; 4,5<\/li>\n<\/ul>\n<p>4:30 er derfor AKKURAT det samme som 4,5<\/p>\n<p><strong>PAUSE<\/strong><\/p>\n<p>Alle i Norge er lovp\u00e5lagt \u00e5 ta minimun 20 minutter pause n\u00e5r arbeidet varer mer enn 5,5 timer (alts\u00e5 5 timer og 30 minutt). Hos Pizzasjappa praktiseres 30 minutter pause. Det er et eget pause\/spiserom, slik at pausen er ul\u00f8nnet. Derfor skriver Ahmad bare 7,5 timer p\u00e5 timelista, selv om han startet kl. 09:00 og sluttet kl. 17:00. Reglene for pause er det kunde som bestemmer. Send epost til <a href=\"mailto:arne.viste@lyse.net\">arne.viste@lyse.net<\/a> hvis du har sp\u00f8rsm\u00e5l om dette.<\/p>\n","protected":false},"excerpt":{"rendered":"<p>Det er asyls\u00f8ker sitt ansvar \u00e5 skrive og sende timeliste. Asyls\u00f8ker skal sende timelisten p\u00e5&#46;&#46;&#46;<\/p>\n","protected":false},"author":1,"featured_media":0,"parent":0,"menu_order":0,"comment_status":"closed","ping_status":"closed","template":"","meta":{"footnotes":""},"class_list":["post-1125","page","type-page","status-publish","hentry"],"_links":{"self":[{"href":"https:\/\/www.dyktige.no\/index.php?rest_route=\/wp\/v2\/pages\/1125","targetHints":{"allow":["GET"]}}],"collection":[{"href":"https:\/\/www.dyktige.no\/index.php?rest_route=\/wp\/v2\/pages"}],"about":[{"href":"https:\/\/www.dyktige.no\/index.php?rest_route=\/wp\/v2\/types\/page"}],"author":[{"embeddable":true,"href":"https:\/\/www.dyktige.no\/index.php?rest_route=\/wp\/v2\/users\/1"}],"replies":[{"embeddable":true,"href":"https:\/\/www.dyktige.no\/index.php?rest_route=%2Fwp%2Fv2%2Fcomments&post=1125"}],"version-history":[{"count":7,"href":"https:\/\/www.dyktige.no\/index.php?rest_route=\/wp\/v2\/pages\/1125\/revisions"}],"predecessor-version":[{"id":1283,"href":"https:\/\/www.dyktige.no\/index.php?rest_route=\/wp\/v2\/pages\/1125\/revisions\/1283"}],"wp:attachment":[{"href":"https:\/\/www.dyktige.no\/index.php?rest_route=%2Fwp%2Fv2%2Fmedia&parent=1125"}],"curies":[{"name":"wp","href":"https:\/\/api.w.org\/{rel}","templated":true}]}}